{"id":1999,"date":"2024-04-07T20:20:06","date_gmt":"2024-04-08T00:20:06","guid":{"rendered":"https:\/\/happyviewsxm.com\/?page_id=1999"},"modified":"2024-05-13T20:41:11","modified_gmt":"2024-05-14T00:41:11","slug":"conditions-de-location","status":"publish","type":"page","link":"https:\/\/happyviewsxm.com\/fr\/conditions-de-location\/","title":{"rendered":"CONDITIONS DE LOCATION"},"content":{"rendered":"\t\t<div data-elementor-type=\"wp-page\" data-elementor-id=\"1999\" class=\"elementor elementor-1999 elementor-1588\">\n\t\t\t\t<div class=\"elementor-element elementor-element-a0b3bf9 e-flex e-con-boxed e-con e-parent\" data-id=\"a0b3bf9\" data-element_type=\"container\" data-e-type=\"container\">\n\t\t\t\t\t<div class=\"e-con-inner\">\n\t\t\t\t<div class=\"elementor-element elementor-element-7eb32c1 elementor-widget elementor-widget-spacer\" data-id=\"7eb32c1\" data-element_type=\"widget\" data-e-type=\"widget\" data-widget_type=\"spacer.default\">\n\t\t\t\t<div class=\"elementor-widget-container\">\n\t\t\t\t\t\t\t<div class=\"elementor-spacer\">\n\t\t\t<div class=\"elementor-spacer-inner\"><\/div>\n\t\t<\/div>\n\t\t\t\t\t\t<\/div>\n\t\t\t\t<\/div>\n\t\t\t\t<div class=\"elementor-element elementor-element-0c189a8 elementor-widget elementor-widget-heading\" data-id=\"0c189a8\" data-element_type=\"widget\" data-e-type=\"widget\" data-widget_type=\"heading.default\">\n\t\t\t\t<div class=\"elementor-widget-container\">\n\t\t\t\t\t<h2 class=\"elementor-heading-title elementor-size-default\">CONDITIONS DE LOCATION<\/h2>\t\t\t\t<\/div>\n\t\t\t\t<\/div>\n\t\t\t\t\t<\/div>\n\t\t\t\t<\/div>\n\t\t<div class=\"elementor-element elementor-element-42177e97 e-flex e-con-boxed e-con e-parent\" data-id=\"42177e97\" data-element_type=\"container\" data-e-type=\"container\">\n\t\t\t\t\t<div class=\"e-con-inner\">\n\t\t\t\t<div class=\"elementor-element elementor-element-bb625b3 elementor-widget elementor-widget-spacer\" data-id=\"bb625b3\" data-element_type=\"widget\" data-e-type=\"widget\" data-widget_type=\"spacer.default\">\n\t\t\t\t<div class=\"elementor-widget-container\">\n\t\t\t\t\t\t\t<div class=\"elementor-spacer\">\n\t\t\t<div class=\"elementor-spacer-inner\"><\/div>\n\t\t<\/div>\n\t\t\t\t\t\t<\/div>\n\t\t\t\t<\/div>\n\t\t\t\t<div class=\"elementor-element elementor-element-5aae9cce elementor-widget elementor-widget-text-editor\" data-id=\"5aae9cce\" data-element_type=\"widget\" data-e-type=\"widget\" data-widget_type=\"text-editor.default\">\n\t\t\t\t<div class=\"elementor-widget-container\">\n\t\t\t\t\t\t\t\t\t<p>**CONDITIONS G\u00c9N\u00c9RALES DE LOCATION**<\/p><p>Ces conditions g\u00e9n\u00e9rales font partie int\u00e9grante du contrat que vous concluez avec Villa Happy View. Nous vous encourageons \u00e0 les lire attentivement pour \u00e9viter tout malentendu ou inconv\u00e9nient durant votre s\u00e9jour. Il est de votre responsabilit\u00e9 de veiller \u00e0 ce que ces termes soient respect\u00e9s par toutes les personnes pr\u00e9sentes durant le s\u00e9jour.<\/p><p>**R\u00c9SERVATION**<\/p><p>Pour confirmer une r\u00e9servation, une pi\u00e8ce d&rsquo;identit\u00e9 au nom de la personne effectuant la r\u00e9servation est requise. Le paiement en ligne de la r\u00e9servation doit \u00e9galement \u00eatre effectu\u00e9 avec une carte de cr\u00e9dit au m\u00eame nom. Si nous ne pouvons pas satisfaire votre demande de r\u00e9servation, tout acompte pay\u00e9 sera int\u00e9gralement rembours\u00e9. Les r\u00e9servations effectu\u00e9es par une personne de moins de 18 ans \u00e0 la date de la r\u00e9servation ne seront pas accept\u00e9es.<\/p><p>**PAIEMENT**<\/p><p>Les prix sont en euros, plus 4 % de taxes locales. Une r\u00e9servation est confirm\u00e9e une fois l&rsquo;acompte (50 % du prix total de la location) re\u00e7u. Le solde doit \u00eatre pay\u00e9 au plus tard 30 jours avant l&rsquo;arriv\u00e9e. Le non-paiement du solde dans ce d\u00e9lai sera consid\u00e9r\u00e9 comme une annulation.<\/p><p>Pour les r\u00e9servations effectu\u00e9es moins de 30 jours avant le d\u00e9but de la p\u00e9riode de location, le prix total du s\u00e9jour doit \u00eatre pay\u00e9 au moment de la r\u00e9servation.<\/p><p>Le prix de location comprend toutes les charges (eau\/\u00e9lectricit\u00e9, Wi-Fi).<\/p><p>Pour les r\u00e9servations faites par courrier, t\u00e9l\u00e9phone ou internet, le locataire ne b\u00e9n\u00e9ficie pas d&rsquo;un d\u00e9lai de r\u00e9tractation, conform\u00e9ment \u00e0 l&rsquo;article L.121-20-4 du Code de la consommation relatif aux prestations d&rsquo;h\u00e9bergement fournies \u00e0 une date ou selon une p\u00e9riodicit\u00e9 d\u00e9termin\u00e9e.<\/p><p>**ANNULATION PAR LE LOCATAIRE**<\/p><p>Si vous souhaitez annuler votre r\u00e9servation pour quelque raison que ce soit, vous devez nous envoyer un email \u00e0 happyviewsxm@gmail.com. L&rsquo;annulation devient effective \u00e0 la date de r\u00e9ception de votre email.<\/p><p>Politique d&rsquo;annulation :<\/p><p>&#8211; Plus de 60 jours avant le s\u00e9jour : remboursement de 100 % du montant pay\u00e9.<br \/>&#8211; Entre 60 et 30 jours avant le s\u00e9jour : remboursement de 50 % du montant pay\u00e9.<br \/>&#8211; Moins de 30 jours avant le s\u00e9jour : aucun remboursement.<br \/>&#8211; Haute saison (du 22 d\u00e9cembre au 5 janvier) : aucun remboursement.<br \/>&#8211; Non-pr\u00e9sentation : aucun remboursement.<br \/>&#8211; D\u00e9part anticip\u00e9 pour quelque raison que ce soit : aucun remboursement.<\/p><p>**ANNULATION PAR LES PROPRI\u00c9TAIRES**<\/p><p>Dans des cas exceptionnels, les propri\u00e9taires peuvent annuler le contrat avant le d\u00e9but du voyage s&rsquo;il devient impossible de l&rsquo;ex\u00e9cuter en raison de circonstances impr\u00e9visibles et extraordinaires (maladie, d\u00e9c\u00e8s, incendies, etc.). Dans ce cas, Villa Happy View remboursera int\u00e9gralement tous les montants pay\u00e9s sans \u00eatre tenu responsable d&rsquo;une indemnisation suppl\u00e9mentaire.<\/p><p>**ARRIV\u00c9E ET D\u00c9PART**<\/p><p>La location ne peut \u00eatre prolong\u00e9e sans notre accord pr\u00e9alable. Les heures d&rsquo;arriv\u00e9e et de d\u00e9part sont sp\u00e9cifi\u00e9es dans les annonces. Le client doit respecter ces horaires. \u00c0 votre d\u00e9part, toutes les cl\u00e9s doivent \u00eatre laiss\u00e9es en \u00e9vidence dans l&rsquo;appartement. Les frais de remplacement seront factur\u00e9s au client pour toute cl\u00e9 perdue. Si votre arriv\u00e9e est retard\u00e9e, veuillez en informer Villa Happy View d\u00e8s que possible pour que des dispositions soient prises pour votre accueil.<\/p><p>**H\u00c9BERGEMENT**<\/p><p>Les propri\u00e9t\u00e9s que nous offrons sont destin\u00e9es exclusivement \u00e0 un usage touristique ou de vacances priv\u00e9es. Toute activit\u00e9 commerciale ou professionnelle, y compris les tournages et s\u00e9ances photo, est strictement interdite dans la propri\u00e9t\u00e9 lou\u00e9e (sur demande uniquement). Notre politique interdit les festivit\u00e9s sur la propri\u00e9t\u00e9 (par exemple, mariages, r\u00e9ceptions, etc.) sans accord pr\u00e9alable \u00e0 notre discr\u00e9tion et celle du propri\u00e9taire. L&rsquo;occupation de l&rsquo;h\u00e9bergement est strictement limit\u00e9e au nombre de personnes (y compris les enfants) sp\u00e9cifi\u00e9. Le surpeuplement n&rsquo;est pas autoris\u00e9. En tout \u00e9tat de cause, la capacit\u00e9 maximale indiqu\u00e9e dans la description ne doit pas \u00eatre d\u00e9pass\u00e9e. En cas de divergence dans le nombre d&rsquo;occupants, Villa Happy View se r\u00e9serve le droit d&rsquo;annuler la r\u00e9servation.<\/p><p>**VOS RESPONSABILIT\u00c9S**<\/p><p>Le client reconna\u00eet et accepte les lieux lou\u00e9s tels qu&rsquo;ils sont d\u00e9crits sur le site internet. Tout objet manquant ou endommag\u00e9 au-del\u00e0 de l&rsquo;usure normale devra \u00eatre pay\u00e9 ou remplac\u00e9 par le client, sous r\u00e9serve de l&rsquo;approbation du propri\u00e9taire.<\/p><p>**SERVICES DE NETTOYAGE**<\/p><p>Le nettoyage complet de la propri\u00e9t\u00e9 est effectu\u00e9 avant chaque p\u00e9riode de location. M\u00eame si le service de nettoyage final est inclus, vous devez laisser la propri\u00e9t\u00e9 dans un \u00e9tat raisonnablement propre \u00e0 votre d\u00e9part. Si la propret\u00e9 de la propri\u00e9t\u00e9 le jour de votre d\u00e9part n\u00e9cessite un nettoyage suppl\u00e9mentaire au-del\u00e0 de ce qui est pr\u00e9vu, le propri\u00e9taire est autoris\u00e9 \u00e0 prendre les mesures n\u00e9cessaires et \u00e0 facturer les co\u00fbts correspondants au d\u00e9p\u00f4t de garantie.<\/p><p>**ASSURANCE**<\/p><p>Villa Happy View n&rsquo;est pas responsable des vols ou cambriolages dans les locaux lou\u00e9s. Le propri\u00e9taire d\u00e9clare que le b\u00e2timent ou une partie du b\u00e2timent lui appartenant est assur\u00e9 pour les risques le concernant, mais le client doit s&rsquo;assurer pour les risques li\u00e9s \u00e0 sa responsabilit\u00e9 locative ou couvrant ses biens personnels. En g\u00e9n\u00e9ral, votre assurance habitation contient une clause \u00ab\u00a0vacances\u00a0\u00bb ou similaire, qui devrait couvrir votre responsabilit\u00e9 en cas de probl\u00e8me pendant votre location. Il est de votre responsabilit\u00e9 de v\u00e9rifier cela. En acceptant les conditions de location sur le formulaire de r\u00e9servation, vous certifiez express\u00e9ment que votre situation est conforme \u00e0 nos conditions de location.<\/p><p>**ACC\u00c8S \u00c0 LA LOCATION**<\/p><p>Villa Happy View est autoris\u00e9, en cas de force majeure ou pour des raisons de maintenance, \u00e0 acc\u00e9der librement \u00e0 la location de vacances. Dans ce cas, vous serez syst\u00e9matiquement inform\u00e9 \u00e0 l&rsquo;avance.<\/p><p>**RESPONSABILIT\u00c9S DU PROPRI\u00c9TAIRE**<\/p><p>Villa Happy View s&rsquo;engage \u00e0 fournir au client l&rsquo;h\u00e9bergement lou\u00e9 tel que d\u00e9crit dans l&rsquo;annonce et \u00e0 remplir les obligations r\u00e9sultant de ce contrat. Villa Happy View ne peut \u00e0 aucun moment \u00eatre tenu responsable de la mort ou des blessures corporelles concernant les personnes pr\u00e9sentes dans la location pendant votre s\u00e9jour.<\/p><p>Villa Happy View ne peut \u00e0 aucun moment \u00eatre tenu responsable des pertes, cassures ou retards dont les causes \u00e9chappent \u00e0 son contr\u00f4le, y compris, mais sans s&rsquo;y limiter : catastrophes naturelles, explosions, inondations, temp\u00eates, incendies ou autres mesures \u00e9manant des autorit\u00e9s locales ou gouvernementales, gr\u00e8ves, etc. Dans l&rsquo;un des cas susmentionn\u00e9s, nous aurons le droit de consid\u00e9rer le contrat comme nul et non avenu, et notre responsabilit\u00e9 se limitera au remboursement des montants que vous nous avez pay\u00e9s, calcul\u00e9 au prorata des p\u00e9riodes non occup\u00e9es. Les interruptions des services g\u00e9n\u00e9raux (eau, \u00e9lectricit\u00e9, etc.) et des services publics (conduites d&rsquo;eau, \u00e9lectricit\u00e9, t\u00e9l\u00e9phone, acc\u00e8s internet, etc.) ne justifient pas une r\u00e9duction de loyer si elles ne sont pas dues \u00e0 un acte volontaire du bailleur. Villa Happy View d\u00e9cline toute responsabilit\u00e9 en cas de privation ou de r\u00e9duction de jouissance. Le propri\u00e9taire et\/ou son agent ne peuvent \u00e0 aucun moment \u00eatre tenus responsables des nuisances sonores ou des perturbations provenant de l&rsquo;ext\u00e9rieur de la location de vacances, ou dont les causes \u00e9chappent \u00e0 notre contr\u00f4le.<\/p><p>**S\u00c9CURIT\u00c9 ET OBJETS DE VALEUR**<\/p><p>Villa Happy View est situ\u00e9 dans une zone r\u00e9sidentielle s\u00e9curis\u00e9e, offrant un environnement paisible et s\u00fbr pour tous ses r\u00e9sidents. Malgr\u00e9 nos mesures de s\u00e9curit\u00e9 strictes et notre approche vigilante pour maintenir une atmosph\u00e8re s\u00e9curis\u00e9e, il est important de noter que des incidents impr\u00e9vus, bien que tr\u00e8s peu probables, pourraient encore se produire. Dans ce contexte, Villa Happy View ne peut \u00e0 aucun moment \u00eatre tenu responsable de vols, de dommages mat\u00e9riels, d&rsquo;actes criminels ou d&rsquo;agressions dont le locataire pourrait \u00eatre l&rsquo;auteur ou la victime dans la propri\u00e9t\u00e9 lou\u00e9e. Il est de votre responsabilit\u00e9 de prendre les mesures n\u00e9cessaires et appropri\u00e9es pour vous prot\u00e9ger contre toute mauvaise surprise et pour sauvegarder vos objets de valeur. Les invit\u00e9s sont invit\u00e9s \u00e0 prendre les pr\u00e9cautions n\u00e9cessaires pour pr\u00e9venir les accidents pour eux-m\u00eames ou leur famille (en particulier les enfants). Le propri\u00e9taire d\u00e9cline toute responsabilit\u00e9 \u00e0 cet \u00e9gard.<\/p><p>Veuillez noter que notre zone de piscine n&rsquo;a pas de syst\u00e8me de s\u00e9curit\u00e9 en place, et il en va de m\u00eame pour les escaliers autour de notre propri\u00e9t\u00e9. De plus, certaines zones de notre domaine ne sont pas enti\u00e8rement s\u00e9curis\u00e9es. Nous rappelons gentiment aux parents et aux tuteurs que la s\u00e9curit\u00e9 des enfants est enti\u00e8rement leur responsabilit\u00e9. Nous vous exhortons \u00e0 garder un \u0153il vigilant sur vos petits et \u00e0 vous assurer qu&rsquo;ils sont en s\u00e9curit\u00e9 \u00e0 tout moment pendant votre s\u00e9jour.<\/p><p>**LOIS APPLICABLES**<\/p><p>Ces conditions de location et les contrats de location conclus sont soumis au droit fran\u00e7ais. En cas de litige, une solution amiable sera d&rsquo;abord recherch\u00e9e. Si le litige persiste, la comp\u00e9tence exclusive sera attribu\u00e9e au tribunal comp\u00e9tent.<\/p><p>**PROTECTION DES DONN\u00c9ES PERSONNELLES DES PARTIES**<\/p><p>Les donn\u00e9es personnelles recueillies dans le cadre de ce contrat font l&rsquo;objet d&rsquo;un traitement n\u00e9cessaire \u00e0 son ex\u00e9cution. Elles peuvent \u00eatre utilis\u00e9es dans le cadre de l&rsquo;application de r\u00e9glementations telles que celles relatives \u00e0 la lutte contre le blanchiment d&rsquo;argent et le financement du terrorisme. Conform\u00e9ment \u00e0 la loi Informatique et Libert\u00e9s, vous disposez d&rsquo;un droit d&rsquo;acc\u00e8s, de rectification, de suppression, d&rsquo;opposition et de portabilit\u00e9 de vos donn\u00e9es en contactant happyviewsxm@gmail.com.<\/p>\t\t\t\t\t\t\t\t<\/div>\n\t\t\t\t<\/div>\n\t\t\t\t<div class=\"elementor-element elementor-element-5cd8cb1 elementor-widget elementor-widget-spacer\" data-id=\"5cd8cb1\" data-element_type=\"widget\" data-e-type=\"widget\" data-widget_type=\"spacer.default\">\n\t\t\t\t<div class=\"elementor-widget-container\">\n\t\t\t\t\t\t\t<div class=\"elementor-spacer\">\n\t\t\t<div class=\"elementor-spacer-inner\"><\/div>\n\t\t<\/div>\n\t\t\t\t\t\t<\/div>\n\t\t\t\t<\/div>\n\t\t\t\t\t<\/div>\n\t\t\t\t<\/div>\n\t\t\t\t<\/div>\n\t\t","protected":false},"excerpt":{"rendered":"<p>CONDITIONS DE LOCATION **CONDITIONS G\u00c9N\u00c9RALES DE LOCATION** Ces conditions g\u00e9n\u00e9rales font partie int\u00e9grante du contrat que vous concluez avec Villa Happy View. Nous vous encourageons \u00e0 les lire attentivement pour \u00e9viter tout malentendu ou inconv\u00e9nient durant votre s\u00e9jour. Il est de votre responsabilit\u00e9 de veiller \u00e0 ce que ces termes soient respect\u00e9s par toutes les &#8230;<\/p>\n","protected":false},"author":1,"featured_media":0,"parent":0,"menu_order":0,"comment_status":"closed","ping_status":"closed","template":"elementor_header_footer","meta":{"cozystay_single_page_hide_site_header":"","cozystay_single_page_site_header_source":"","cozystay_single_page_custom_site_header":"","cozystay_single_page_custom_sticky_site_header":"","cozystay_single_page_hide_page_title":"","cozystay_single_page_header_section_size":"","cozystay_single_page_header_background_color":"","cozystay_single_page_header_background_position_x":"center","cozystay_single_page_header_background_position_y":"center","cozystay_single_page_header_background_size":"cover","cozystay_single_page_header_background_repeat":"off","cozystay_single_page_header_background_scroll":"on","cozystay_single_page_header_text_color":"","cozystay_single_page_header_show_breadcrumb":"","cozystay_single_page_site_footer_hide_main":"","cozystay_single_custom_site_footer_main_source":"","cozystay_single_custom_site_footer_main":"","cozystay_single_page_site_footer_hide_above":"","cozystay_single_custom_site_footer_above_source":"","cozystay_single_custom_site_footer_above":"","cozystay_single_page_site_footer_hide_instagram":"","cozystay_single_page_site_footer_hide_bottom":"","cozystay_single_custom_mobile_menu_source":"","cozystay_single_custom_mobile_menu":"","cozystay_single_custom_mobile_menu_animation":"","cozystay_single_custom_mobile_menu_width":"","cozystay_single_custom_mobile_menu_custom_width":375,"footnotes":""},"class_list":["post-1999","page","type-page","status-publish","hentry"],"yoast_head":"<!-- This site is optimized with the Yoast SEO plugin v26.9 - https:\/\/yoast.com\/product\/yoast-seo-wordpress\/ -->\n<title>CONDITIONS DE LOCATION - Happy View SXM<\/title>\n<meta name=\"robots\" content=\"index, follow, max-snippet:-1, max-image-preview:large, max-video-preview:-1\" \/>\n<link rel=\"canonical\" href=\"https:\/\/happyviewsxm.com\/fr\/conditions-de-location\/\" \/>\n<meta property=\"og:locale\" content=\"fr_FR\" \/>\n<meta property=\"og:type\" content=\"article\" \/>\n<meta property=\"og:title\" content=\"CONDITIONS DE LOCATION - Happy View SXM\" \/>\n<meta property=\"og:description\" content=\"CONDITIONS DE LOCATION **CONDITIONS G\u00c9N\u00c9RALES DE LOCATION** Ces conditions g\u00e9n\u00e9rales font partie int\u00e9grante du contrat que vous concluez avec Villa Happy View. Nous vous encourageons \u00e0 les lire attentivement pour \u00e9viter tout malentendu ou inconv\u00e9nient durant votre s\u00e9jour. Il est de votre responsabilit\u00e9 de veiller \u00e0 ce que ces termes soient respect\u00e9s par toutes les ...\" \/>\n<meta property=\"og:url\" content=\"https:\/\/happyviewsxm.com\/fr\/conditions-de-location\/\" \/>\n<meta property=\"og:site_name\" content=\"Happy View SXM\" \/>\n<meta property=\"article:modified_time\" content=\"2024-05-14T00:41:11+00:00\" \/>\n<meta name=\"twitter:card\" content=\"summary_large_image\" \/>\n<meta name=\"twitter:label1\" content=\"Dur\u00e9e de lecture estim\u00e9e\" \/>\n\t<meta name=\"twitter:data1\" content=\"8 minutes\" \/>\n<script type=\"application\/ld+json\" class=\"yoast-schema-graph\">{\"@context\":\"https:\/\/schema.org\",\"@graph\":[{\"@type\":\"WebPage\",\"@id\":\"https:\/\/happyviewsxm.com\/fr\/conditions-de-location\/\",\"url\":\"https:\/\/happyviewsxm.com\/fr\/conditions-de-location\/\",\"name\":\"CONDITIONS DE LOCATION - Happy View SXM\",\"isPartOf\":{\"@id\":\"https:\/\/happyviewsxm.com\/fr\/#website\"},\"datePublished\":\"2024-04-08T00:20:06+00:00\",\"dateModified\":\"2024-05-14T00:41:11+00:00\",\"breadcrumb\":{\"@id\":\"https:\/\/happyviewsxm.com\/fr\/conditions-de-location\/#breadcrumb\"},\"inLanguage\":\"fr-FR\",\"potentialAction\":[{\"@type\":\"ReadAction\",\"target\":[\"https:\/\/happyviewsxm.com\/fr\/conditions-de-location\/\"]}]},{\"@type\":\"BreadcrumbList\",\"@id\":\"https:\/\/happyviewsxm.com\/fr\/conditions-de-location\/#breadcrumb\",\"itemListElement\":[{\"@type\":\"ListItem\",\"position\":1,\"name\":\"Home\",\"item\":\"https:\/\/happyviewsxm.com\/fr\/\"},{\"@type\":\"ListItem\",\"position\":2,\"name\":\"CONDITIONS DE LOCATION\"}]},{\"@type\":\"WebSite\",\"@id\":\"https:\/\/happyviewsxm.com\/fr\/#website\",\"url\":\"https:\/\/happyviewsxm.com\/fr\/\",\"name\":\"Happy View SXM\",\"description\":\"Happy Bay St Martin | Villa Rental\",\"publisher\":{\"@id\":\"https:\/\/happyviewsxm.com\/fr\/#organization\"},\"potentialAction\":[{\"@type\":\"SearchAction\",\"target\":{\"@type\":\"EntryPoint\",\"urlTemplate\":\"https:\/\/happyviewsxm.com\/fr\/?s={search_term_string}\"},\"query-input\":{\"@type\":\"PropertyValueSpecification\",\"valueRequired\":true,\"valueName\":\"search_term_string\"}}],\"inLanguage\":\"fr-FR\"},{\"@type\":\"Organization\",\"@id\":\"https:\/\/happyviewsxm.com\/fr\/#organization\",\"name\":\"Happy View SXM\",\"url\":\"https:\/\/happyviewsxm.com\/fr\/\",\"logo\":{\"@type\":\"ImageObject\",\"inLanguage\":\"fr-FR\",\"@id\":\"https:\/\/happyviewsxm.com\/fr\/#\/schema\/logo\/image\/\",\"url\":\"https:\/\/happyviewsxm.com\/wp-content\/uploads\/2024\/04\/logo-hv.png\",\"contentUrl\":\"https:\/\/happyviewsxm.com\/wp-content\/uploads\/2024\/04\/logo-hv.png\",\"width\":382,\"height\":73,\"caption\":\"Happy View SXM\"},\"image\":{\"@id\":\"https:\/\/happyviewsxm.com\/fr\/#\/schema\/logo\/image\/\"}}]}<\/script>\n<!-- \/ Yoast SEO plugin. -->","yoast_head_json":{"title":"CONDITIONS DE LOCATION - Happy View SXM","robots":{"index":"index","follow":"follow","max-snippet":"max-snippet:-1","max-image-preview":"max-image-preview:large","max-video-preview":"max-video-preview:-1"},"canonical":"https:\/\/happyviewsxm.com\/fr\/conditions-de-location\/","og_locale":"fr_FR","og_type":"article","og_title":"CONDITIONS DE LOCATION - Happy View SXM","og_description":"CONDITIONS DE LOCATION **CONDITIONS G\u00c9N\u00c9RALES DE LOCATION** Ces conditions g\u00e9n\u00e9rales font partie int\u00e9grante du contrat que vous concluez avec Villa Happy View. Nous vous encourageons \u00e0 les lire attentivement pour \u00e9viter tout malentendu ou inconv\u00e9nient durant votre s\u00e9jour. Il est de votre responsabilit\u00e9 de veiller \u00e0 ce que ces termes soient respect\u00e9s par toutes les ...","og_url":"https:\/\/happyviewsxm.com\/fr\/conditions-de-location\/","og_site_name":"Happy View SXM","article_modified_time":"2024-05-14T00:41:11+00:00","twitter_card":"summary_large_image","twitter_misc":{"Dur\u00e9e de lecture estim\u00e9e":"8 minutes"},"schema":{"@context":"https:\/\/schema.org","@graph":[{"@type":"WebPage","@id":"https:\/\/happyviewsxm.com\/fr\/conditions-de-location\/","url":"https:\/\/happyviewsxm.com\/fr\/conditions-de-location\/","name":"CONDITIONS DE LOCATION - Happy View SXM","isPartOf":{"@id":"https:\/\/happyviewsxm.com\/fr\/#website"},"datePublished":"2024-04-08T00:20:06+00:00","dateModified":"2024-05-14T00:41:11+00:00","breadcrumb":{"@id":"https:\/\/happyviewsxm.com\/fr\/conditions-de-location\/#breadcrumb"},"inLanguage":"fr-FR","potentialAction":[{"@type":"ReadAction","target":["https:\/\/happyviewsxm.com\/fr\/conditions-de-location\/"]}]},{"@type":"BreadcrumbList","@id":"https:\/\/happyviewsxm.com\/fr\/conditions-de-location\/#breadcrumb","itemListElement":[{"@type":"ListItem","position":1,"name":"Home","item":"https:\/\/happyviewsxm.com\/fr\/"},{"@type":"ListItem","position":2,"name":"CONDITIONS DE LOCATION"}]},{"@type":"WebSite","@id":"https:\/\/happyviewsxm.com\/fr\/#website","url":"https:\/\/happyviewsxm.com\/fr\/","name":"Happy View SXM","description":"Happy Bay St Martin | Villa Rental","publisher":{"@id":"https:\/\/happyviewsxm.com\/fr\/#organization"},"potentialAction":[{"@type":"SearchAction","target":{"@type":"EntryPoint","urlTemplate":"https:\/\/happyviewsxm.com\/fr\/?s={search_term_string}"},"query-input":{"@type":"PropertyValueSpecification","valueRequired":true,"valueName":"search_term_string"}}],"inLanguage":"fr-FR"},{"@type":"Organization","@id":"https:\/\/happyviewsxm.com\/fr\/#organization","name":"Happy View SXM","url":"https:\/\/happyviewsxm.com\/fr\/","logo":{"@type":"ImageObject","inLanguage":"fr-FR","@id":"https:\/\/happyviewsxm.com\/fr\/#\/schema\/logo\/image\/","url":"https:\/\/happyviewsxm.com\/wp-content\/uploads\/2024\/04\/logo-hv.png","contentUrl":"https:\/\/happyviewsxm.com\/wp-content\/uploads\/2024\/04\/logo-hv.png","width":382,"height":73,"caption":"Happy View SXM"},"image":{"@id":"https:\/\/happyviewsxm.com\/fr\/#\/schema\/logo\/image\/"}}]}},"_links":{"self":[{"href":"https:\/\/happyviewsxm.com\/fr\/wp-json\/wp\/v2\/pages\/1999","targetHints":{"allow":["GET"]}}],"collection":[{"href":"https:\/\/happyviewsxm.com\/fr\/wp-json\/wp\/v2\/pages"}],"about":[{"href":"https:\/\/happyviewsxm.com\/fr\/wp-json\/wp\/v2\/types\/page"}],"author":[{"embeddable":true,"href":"https:\/\/happyviewsxm.com\/fr\/wp-json\/wp\/v2\/users\/1"}],"replies":[{"embeddable":true,"href":"https:\/\/happyviewsxm.com\/fr\/wp-json\/wp\/v2\/comments?post=1999"}],"version-history":[{"count":4,"href":"https:\/\/happyviewsxm.com\/fr\/wp-json\/wp\/v2\/pages\/1999\/revisions"}],"predecessor-version":[{"id":2003,"href":"https:\/\/happyviewsxm.com\/fr\/wp-json\/wp\/v2\/pages\/1999\/revisions\/2003"}],"wp:attachment":[{"href":"https:\/\/happyviewsxm.com\/fr\/wp-json\/wp\/v2\/media?parent=1999"}],"curies":[{"name":"wp","href":"https:\/\/api.w.org\/{rel}","templated":true}]}}